{"id":987,"date":"2019-03-21T12:12:16","date_gmt":"2019-03-21T11:12:16","guid":{"rendered":"http:\/\/www.futurorossoblu.it\/?page_id=987"},"modified":"2019-03-21T12:48:44","modified_gmt":"2019-03-21T11:48:44","slug":"cookie-policy","status":"publish","type":"page","link":"https:\/\/www.futurorossoblu.it\/?page_id=987","title":{"rendered":"Cookie Policy"},"content":{"rendered":"<p>Cookie policy del sito internet (il &#8220;Sito&#8221;) di Associazione Futuro Rossoblu (&#8220;Futuro rossoblu&#8221;), raggiungibile all&#8217;URL www.futurorossoblu.it<\/p>\n<p>&nbsp;<\/p>\n<p>La presente informativa \u00e8 resa all&#8217;utente in attuazione del provvedimento del Garante per la protezione dei dati personali dell&#8217;8 maggio 2014 &#8220;Individuazione delle modalit\u00e0 semplificate per l&#8217;informativa e l&#8217;acquisizione del consenso per l&#8217;uso dei cookie&#8221; e nel rispetto dell&#8217;art. 13 del Codice privacy (D.Lgs. n. 196\/2003) e fornisce i dettagli sull&#8217;uso dei cookie sul Sito e su come gestirli.<\/p>\n<p>&nbsp;<\/p>\n<h3>Cosa sono i cookie<\/h3>\n<p>I cookie sono stringhe di testo inviate dal sito al browser Internet dell&#8217;utente che sono memorizzati automaticamente sul computer locale e letti all&#8217;occorrenza, anche negli accessi successivi al Sito. Come configurazione predefinita quasi tutti i browser web sono impostati per accettare automaticamente i cookie.<\/p>\n<p>Un sito web pu\u00f2 fare utilizzo di queste categorie di cookie:<\/p>\n<ul>\n<li><strong>Cookie di sessione<\/strong>: che vengono memorizzati sul computer dell&#8217;utente per mere esigenze tecnico-funzionali e che si cancellano al termine della &#8220;sessione&#8221; con la chiusura del browser.<\/li>\n<li><strong>Cookie persistenti<\/strong>: che rimangono memorizzati sul disco rigido del computer fino alla loro scadenza o cancellazione da parte dei visitatori. Tramite i cookie persistenti i visitatori che accedono al sito vengono automaticamente riconosciuti a ogni visita.Tramite questi cookies \u00e8 eventualmente possibile profilare gli utenti annotando determinati parametri dei loro comportamenti di navigazione.<\/li>\n<\/ul>\n<p>Oltre a questo, i cookie vanno differenziati in:<\/p>\n<ul>\n<li><strong>Cookie proprietari<\/strong>: sono cookie installati e gestiti dal proprietario del sito web.<\/li>\n<li><strong>Cookie di terze parti<\/strong>: sono cookie installati e gestiti da un terzo soggetto, estraneo al sito web, ma da questi autorizzato. Un esempio sono i cookie scritti e gestiti da Google Analytics o dai social plugin di Facebook, Twitter, Google+ e LinkedIn.<\/li>\n<\/ul>\n<p>I cookie inoltre si suddividono in tecnici e di profilazione e su questa distinzione si fondano le principali disposizioni previste dalla Cookie Law:<\/p>\n<ul>\n<li><strong>Cookie tecnico<\/strong>: sono cookie che servono al corretto funzionamento del sito. Sono usati per eseguire<br \/>\nautenticazioni informatiche, monitoraggio di sessioni e memorizzazione di informazioni specifiche. Non hanno alcuno scopo di profilare il comportamento dell&#8217;utente e sono di norma installati direttamente dal proprietario del sito web.<\/li>\n<li><strong>Cookie di profilazione<\/strong>: sono cookie necessari a profilare gli utenti tracciando alcuni loro parametri. Hanno vari scopi, fra i quali quelli di mostrare messaggi pubblicitari in linea con i gusti personali. Possono essere installati dal proprietario del sito web o da terza parte.<\/li>\n<\/ul>\n<p>&nbsp;<\/p>\n<p>&nbsp;<\/p>\n<h3>Cookie utilizzati<\/h3>\n<p>&nbsp;<br \/>\nIl nostro Sito utilizza i seguenti cookie. Nel caso di cookie di terza parte verranno indicate le relative informative, a cui si prega di fare riferimento.<br \/>\n&nbsp;<\/p>\n<h4>Cookie proprietari<\/h4>\n<p>&nbsp;<\/p>\n<table width=\"93%\">\n<tbody>\n<tr>\n<td><strong>Tipo<\/strong><\/td>\n<td><strong>Durata<\/strong><\/td>\n<\/tr>\n<tr>\n<td>Tecnici<\/td>\n<td>di sessione e persistenti<\/td>\n<\/tr>\n<\/tbody>\n<\/table>\n<h4>Cookie di terze parti<\/h4>\n<p>&nbsp;<\/p>\n<table width=\"93%\">\n<tbody>\n<tr>\n<td width=\"11%\"><strong>Cookie<\/strong><\/td>\n<td width=\"21%\"><strong>Tipo<\/strong><\/td>\n<td width=\"15%\"><strong>Utilizzo<\/strong><\/td>\n<td width=\"50%\"><strong>Informativa<\/strong><\/td>\n<\/tr>\n<tr>\n<td width=\"11%\">Google<\/td>\n<td width=\"21%\">Equiparato al tecnico<\/td>\n<td width=\"15%\">Analytics<\/td>\n<td width=\"50%\"><a href=\"http:\/\/www.google.it\/policies\/privacy\/partners\/\" target=\"_blank\" rel=\"noopener noreferrer\">http:\/www.google.it\/policies\/privacy\/partners\/<\/a><\/td>\n<\/tr>\n<\/tbody>\n<\/table>\n<p>&nbsp;<\/p>\n<h3>Nota su Google Analytics<\/h3>\n<p>Il Sito include il codice di monitoraggio di Google Analytics, un servizio di analisi del traffico web fornito da Google. Google Analytics utilizza i cookie per raccogliere e analizzare le informazioni sui comportamenti di utilizzo del Sito.<\/p>\n<p>In questo Sito il cookie di Google Analytics \u00e8 stato anonimizzato per poterlo equiparare ai cookie tecnici. Con l&#8217;uso di cookie di Google Analytics con IP anonimizzato le informazioni vengono raccolte da Google Analytics in forma aggregata.<\/p>\n<p>L&#8217;utente pu\u00f2 comunque disabilitare in modo selettivo l&#8217;azione di Google Analytics installando sul proprio browser la componente di opt-out fornito da Google. Per disabilitare l&#8217;azione di Google Analytics, si rinvia al link di seguito indicato:<\/p>\n<p><a href=\"https:\/\/tools.google.com\/dlpage\/gaoptout\" target=\"_blank\" rel=\"noopener noreferrer\">https:\/\/tools.google.com\/dlpage\/gaoptout<\/a><br \/>\n&nbsp;<\/p>\n<h3>Altri link<\/h3>\n<p>Per un uso pi\u00f9 consapevole dei cookie e la loro gestione vi invitiamo a consultare i seguenti siti:<\/p>\n<p><a href=\"http:\/\/www.garanteprivacy.it\/cookie\">www.garanteprivacy.it\/cookie<\/a><\/p>\n<p><a href=\"http:\/\/www.youronlinechoices.com\/it\">www.youronlinechoices.com\/it<\/a><\/p>\n<p>Le modalit\u00e0 di funzionamento nonch\u00e9 le opzioni per limitare o bloccare i cookie, possono essere effettuate modificando le impostazioni del proprio browser Internet. \u00c8 possibile inoltre visitare il sito, in lingua inglese, <a href=\"http:\/\/www.aboutcookies.org\">www.aboutcookies.org<\/a> per informazioni su come poter gestire\/eliminare i cookie in base al tipo di browser utilizzato.<\/p>\n<p>Per eliminare i cookie dal browser Internet del proprio smartphone\/tablet, \u00e8 necessario fare riferimento al manuale d\u2019uso del dispositivo<\/p>\n<p>La disabilitazione totale o parziale dei cookie tecnici pu\u00f2 compromettere l&#8217;utilizzo delle funzionalit\u00e0 del sito. La disabilitazione dei cookie di terze parti non pregiudica in alcun modo la navigabilit\u00e0.<\/p>\n","protected":false},"excerpt":{"rendered":"<p>Cookie policy del sito internet (il &#8220;Sito&#8221;) di Associazione Futuro Rossoblu (&#8220;Futuro rossoblu&#8221;), raggiungibile all&#8217;URL www.futurorossoblu.it<\/p>\n<p>&nbsp;<\/p>\n<p>La presente informativa \u00e8 resa all&#8217;utente in attuazione del provvedimento del Garante per la protezione dei dati personali dell&#8217;8 maggio 2014 &#8220;Individuazione delle modalit\u00e0 semplificate per l&#8217;informativa e l&#8217;acquisizione del consenso per l&#8217;uso dei cookie&#8221; e nel rispetto dell&#8217;art. 13 del Codice privacy (D.Lgs. n. 196\/2003) e fornisce i dettagli sull&#8217;uso dei cookie sul Sito e su come gestirli.<\/p>\n<p>&nbsp;<\/p>\n<p>Cosa sono i cookie<\/p>\n<p>I cookie sono stringhe [&#8230;]<\/p>\n","protected":false},"author":1,"featured_media":0,"parent":0,"menu_order":0,"comment_status":"closed","ping_status":"closed","template":"","meta":{"_monsterinsights_skip_tracking":false,"_monsterinsights_sitenote_active":false,"_monsterinsights_sitenote_note":"","_monsterinsights_sitenote_category":0,"footnotes":""},"class_list":["post-987","page","type-page","status-publish","hentry","none"],"_links":{"self":[{"href":"https:\/\/www.futurorossoblu.it\/index.php?rest_route=\/wp\/v2\/pages\/987","targetHints":{"allow":["GET"]}}],"collection":[{"href":"https:\/\/www.futurorossoblu.it\/index.php?rest_route=\/wp\/v2\/pages"}],"about":[{"href":"https:\/\/www.futurorossoblu.it\/index.php?rest_route=\/wp\/v2\/types\/page"}],"author":[{"embeddable":true,"href":"https:\/\/www.futurorossoblu.it\/index.php?rest_route=\/wp\/v2\/users\/1"}],"replies":[{"embeddable":true,"href":"https:\/\/www.futurorossoblu.it\/index.php?rest_route=%2Fwp%2Fv2%2Fcomments&post=987"}],"version-history":[{"count":10,"href":"https:\/\/www.futurorossoblu.it\/index.php?rest_route=\/wp\/v2\/pages\/987\/revisions"}],"predecessor-version":[{"id":998,"href":"https:\/\/www.futurorossoblu.it\/index.php?rest_route=\/wp\/v2\/pages\/987\/revisions\/998"}],"wp:attachment":[{"href":"https:\/\/www.futurorossoblu.it\/index.php?rest_route=%2Fwp%2Fv2%2Fmedia&parent=987"}],"curies":[{"name":"wp","href":"https:\/\/api.w.org\/{rel}","templated":true}]}}